{"id":171,"date":"2024-04-11T08:29:24","date_gmt":"2024-04-11T08:29:24","guid":{"rendered":"https:\/\/tinahuck.de\/?page_id=171"},"modified":"2024-04-18T10:54:39","modified_gmt":"2024-04-18T10:54:39","slug":"datenschutz","status":"publish","type":"page","link":"https:\/\/tinahuck.de\/?page_id=171","title":{"rendered":"Datenschutz"},"content":{"rendered":"<p>[et_pb_section fb_built=&#8220;1&#8243; _builder_version=&#8220;4.24.2&#8243; _module_preset=&#8220;default&#8220; global_colors_info=&#8220;{}&#8220;][et_pb_row _builder_version=&#8220;4.24.2&#8243; _module_preset=&#8220;default&#8220; global_colors_info=&#8220;{}&#8220;][et_pb_column type=&#8220;4_4&#8243; _builder_version=&#8220;4.24.2&#8243; _module_preset=&#8220;default&#8220; global_colors_info=&#8220;{}&#8220;][et_pb_text _builder_version=&#8220;4.24.3&#8243; header_2_font=&#8220;ZCOOL XiaoWei||||||||&#8220; header_2_text_color=&#8220;#a9804a&#8220; header_2_font_size=&#8220;36px&#8220; text_orientation=&#8220;center&#8220; max_width_tablet=&#8220;350px&#8220; max_width_phone=&#8220;220px&#8220; max_width_last_edited=&#8220;on|desktop&#8220; module_alignment=&#8220;center&#8220; custom_margin=&#8220;|524px||||&#8220; hover_enabled=&#8220;0&#8243; header_2_font_size_tablet=&#8220;48px&#8220; header_2_font_size_phone=&#8220;30px&#8220; header_2_font_size_last_edited=&#8220;on|phone&#8220; border_width_left=&#8220;5px&#8220; border_color_left=&#8220;#a9804a&#8220; global_colors_info=&#8220;{}&#8220; sticky_enabled=&#8220;0&#8243;]<\/p>\n<h2 style=\"text-align: left;\">\u00a0Datenschutz<\/h2>\n<p>[\/et_pb_text][et_pb_text admin_label=&#8220;Text&#8220; _builder_version=&#8220;4.24.2&#8243; _module_preset=&#8220;default&#8220; global_colors_info=&#8220;{}&#8220;]<\/p>\n<p><strong>Datenschutzerkl\u00e4rung<\/strong><\/p>\n<p>Als Einzelperson respektiere ich, Tina Huck, Ihre Privatsph\u00e4re und verpflichte mich zum Schutz Ihrer pers\u00f6nlichen Daten. Diese Datenschutzerkl\u00e4rung informiert Sie dar\u00fcber, wie ich Informationen sammle, verwende und sch\u00fctze, die Sie mir \u00fcber meine Website oder anderweitig zur Verf\u00fcgung stellen.<\/p>\n<p><strong>Erhebung und Verwendung von Daten<\/strong><\/p>\n<p>Ich erfasse und verwende pers\u00f6nliche Daten, um Ihre Anfragen zu bearbeiten und Ihnen einen besseren Service zu bieten. Diese Daten k\u00f6nnen Ihren Namen, Ihre E-Mail-Adresse, Ihre Telefonnummer und andere Informationen umfassen, die Sie mir freiwillig zur Verf\u00fcgung stellen.<\/p>\n<p><strong>Cookies und Tracking-Technologien<\/strong><\/p>\n<p>Meine Website verwendet m\u00f6glicherweise Cookies und \u00e4hnliche Tracking-Technologien, um Informationen \u00fcber Ihre Aktivit\u00e4ten auf der Website zu sammeln und zu speichern. Diese Technologien helfen mir, die Benutzererfahrung zu verbessern und meine Website besser an Ihre Bed\u00fcrfnisse anzupassen.<\/p>\n<p><strong>Weitergabe von Daten an Dritte<\/strong><\/p>\n<p>Ich gebe Ihre pers\u00f6nlichen Daten nicht ohne Ihre Zustimmung an Dritte weiter, es sei denn, dies ist zur Erf\u00fcllung gesetzlicher Verpflichtungen erforderlich oder dient der Durchf\u00fchrung von Dienstleistungen, die Sie angefordert haben.<\/p>\n<p><strong>Datenschutzrechte<\/strong><\/p>\n<p>Sie haben das Recht, Ihre pers\u00f6nlichen Daten einzusehen, zu korrigieren, zu l\u00f6schen oder deren Verwendung einzuschr\u00e4nken. Bitte kontaktieren Sie mich, um Ihre Datenschutzrechte auszu\u00fcben.<\/p>\n<p><strong>Datensicherheit<\/strong><\/p>\n<p>Ich ergreife angemessene Sicherheitsma\u00dfnahmen, um Ihre pers\u00f6nlichen Daten vor Verlust, Missbrauch oder unbefugtem Zugriff zu sch\u00fctzen. Trotz meiner Bem\u00fchungen kann ich jedoch nicht die absolute Sicherheit Ihrer Daten garantieren.<\/p>\n<p><strong>\u00c4nderungen an dieser Datenschutzerkl\u00e4rung<\/strong><\/p>\n<p>Ich behalte mir das Recht vor, diese Datenschutzerkl\u00e4rung jederzeit zu \u00e4ndern. \u00c4nderungen werden auf meiner Website ver\u00f6ffentlicht und sind ab dem Zeitpunkt der Ver\u00f6ffentlichung wirksam.<\/p>\n<p><strong>Kontaktieren Sie mich<\/strong><\/p>\n<p>Wenn Sie Fragen oder Bedenken hinsichtlich dieser Datenschutzerkl\u00e4rung haben, kontaktieren Sie mich bitte.<\/p>\n<p>[\/et_pb_text][\/et_pb_column][\/et_pb_row][\/et_pb_section]<\/p>\n","protected":false},"excerpt":{"rendered":"<p>\u00a0DatenschutzDatenschutzerkl\u00e4rung Als Einzelperson respektiere ich, Tina Huck, Ihre Privatsph\u00e4re und verpflichte mich zum Schutz Ihrer pers\u00f6nlichen Daten. Diese Datenschutzerkl\u00e4rung informiert Sie dar\u00fcber, wie ich Informationen sammle, verwende und sch\u00fctze, die Sie mir \u00fcber meine Website oder anderweitig zur Verf\u00fcgung stellen. Erhebung und Verwendung von Daten Ich erfasse und verwende pers\u00f6nliche Daten, um Ihre Anfragen zu [&hellip;]<\/p>\n","protected":false},"author":1,"featured_media":0,"parent":0,"menu_order":0,"comment_status":"closed","ping_status":"closed","template":"","meta":{"_et_pb_use_builder":"on","_et_pb_old_content":"","_et_gb_content_width":"","footnotes":""},"_links":{"self":[{"href":"https:\/\/tinahuck.de\/index.php?rest_route=\/wp\/v2\/pages\/171"}],"collection":[{"href":"https:\/\/tinahuck.de\/index.php?rest_route=\/wp\/v2\/pages"}],"about":[{"href":"https:\/\/tinahuck.de\/index.php?rest_route=\/wp\/v2\/types\/page"}],"author":[{"embeddable":true,"href":"https:\/\/tinahuck.de\/index.php?rest_route=\/wp\/v2\/users\/1"}],"replies":[{"embeddable":true,"href":"https:\/\/tinahuck.de\/index.php?rest_route=%2Fwp%2Fv2%2Fcomments&post=171"}],"version-history":[{"count":6,"href":"https:\/\/tinahuck.de\/index.php?rest_route=\/wp\/v2\/pages\/171\/revisions"}],"predecessor-version":[{"id":292,"href":"https:\/\/tinahuck.de\/index.php?rest_route=\/wp\/v2\/pages\/171\/revisions\/292"}],"wp:attachment":[{"href":"https:\/\/tinahuck.de\/index.php?rest_route=%2Fwp%2Fv2%2Fmedia&parent=171"}],"curies":[{"name":"wp","href":"https:\/\/api.w.org\/{rel}","templated":true}]}}